{"id":15,"date":"2025-08-18T10:30:10","date_gmt":"2025-08-18T10:30:10","guid":{"rendered":"https:\/\/mol.wepdevs.com\/?page_id=15"},"modified":"2026-04-17T12:20:38","modified_gmt":"2026-04-17T12:20:38","slug":"story","status":"publish","type":"page","link":"https:\/\/shopmolo.md\/ru\/story\/","title":{"rendered":"\u0418\u0441\u0442\u043e\u0440\u0438\u044f"},"content":{"rendered":"\t\t<div data-elementor-type=\"wp-page\" data-elementor-id=\"15\" class=\"elementor elementor-15\">\n\t\t\t\t<div class=\"elementor-element elementor-element-52129f1 e-flex e-con-boxed e-con e-parent\" data-id=\"52129f1\" data-element_type=\"container\" data-e-type=\"container\" data-settings=\"{&quot;background_background&quot;:&quot;classic&quot;}\">\n\t\t\t\t\t<div class=\"e-con-inner\">\n\t\t<div class=\"elementor-element elementor-element-a71c15b e-con-full e-flex e-con e-child\" data-id=\"a71c15b\" data-element_type=\"container\" data-e-type=\"container\">\n\t\t\t\t<div class=\"elementor-element elementor-element-585dc37 elementor-widget elementor-widget-heading\" data-id=\"585dc37\" data-element_type=\"widget\" data-e-type=\"widget\" data-widget_type=\"heading.default\">\n\t\t\t\t\t<p class=\"elementor-heading-title elementor-size-default\">La Molo, prioritiz\u0103m durabilitatea \u0219i calitatea atunci c\u00e2nd cre\u0103m produse bine realizate \u0219i de lung\u0103 durat\u0103, permi\u021b\u00e2nd copiilor din \u00eentreaga lume s\u0103 exploreze \u0219i s\u0103 se exprime prin haine realizate cu grij\u0103 \u0219i aten\u021bie la calitate.<\/p>\t\t\t\t<\/div>\n\t\t\t\t<\/div>\n\t\t<div class=\"elementor-element elementor-element-6436c32 e-con-full e-flex e-con e-child\" data-id=\"6436c32\" data-element_type=\"container\" data-e-type=\"container\">\n\t\t\t\t<div class=\"elementor-element elementor-element-01c2550 elementor-widget elementor-widget-image\" data-id=\"01c2550\" data-element_type=\"widget\" data-e-type=\"widget\" data-widget_type=\"image.default\">\n\t\t\t\t\t\t\t\t\t\t\t\t\t\t\t<img fetchpriority=\"high\" decoding=\"async\" width=\"400\" height=\"500\" src=\"https:\/\/shopmolo.md\/wp-content\/uploads\/2026\/03\/respons-400x500.jpg\" class=\"attachment-medium size-medium wp-image-4739\" alt=\"\" srcset=\"https:\/\/shopmolo.md\/wp-content\/uploads\/2026\/03\/respons-400x500.jpg 400w, https:\/\/shopmolo.md\/wp-content\/uploads\/2026\/03\/respons-960x1200.jpg 960w, https:\/\/shopmolo.md\/wp-content\/uploads\/2026\/03\/respons-240x300.jpg 240w, https:\/\/shopmolo.md\/wp-content\/uploads\/2026\/03\/respons-768x960.jpg 768w, https:\/\/shopmolo.md\/wp-content\/uploads\/2026\/03\/respons-1229x1536.jpg 1229w, https:\/\/shopmolo.md\/wp-content\/uploads\/2026\/03\/respons-1638x2048.jpg 1638w, https:\/\/shopmolo.md\/wp-content\/uploads\/2026\/03\/respons-10x12.jpg 10w, https:\/\/shopmolo.md\/wp-content\/uploads\/2026\/03\/respons-60x75.jpg 60w, https:\/\/shopmolo.md\/wp-content\/uploads\/2026\/03\/respons-700x875.jpg 700w, https:\/\/shopmolo.md\/wp-content\/uploads\/2026\/03\/respons-800x1000.jpg 800w, https:\/\/shopmolo.md\/wp-content\/uploads\/2026\/03\/respons-scaled.jpg 2048w\" sizes=\"(max-width:767px) 400px, 400px\" \/>\t\t\t\t\t\t\t\t\t\t\t\t\t\t\t<\/div>\n\t\t\t\t<\/div>\n\t\t\t\t\t<\/div>\n\t\t\t\t<\/div>\n\t\t<div class=\"elementor-element elementor-element-c763960 e-flex e-con-boxed e-con e-parent\" data-id=\"c763960\" data-element_type=\"container\" data-e-type=\"container\" data-settings=\"{&quot;background_background&quot;:&quot;video&quot;,&quot;background_video_link&quot;:&quot;https:\\\/\\\/cdn.molohub.com\\\/videos\\\/16x9-snake-377oww.mp4&quot;,&quot;background_play_on_mobile&quot;:&quot;yes&quot;,&quot;background_privacy_mode&quot;:&quot;yes&quot;}\">\n\t\t\t\t\t<div class=\"e-con-inner\">\n\t\t<div class=\"elementor-background-video-container\">\n\t\t\t\t\t\t\t<video class=\"elementor-background-video-hosted\" role=\"presentation\" autoplay muted playsinline loop><\/video>\n\t\t\t\t\t<\/div>\t\t<div class=\"elementor-element elementor-element-c7aec70 elementor-widget__width-initial elementor-widget-mobile__width-initial elementor-widget elementor-widget-heading\" data-id=\"c7aec70\" data-element_type=\"widget\" data-e-type=\"widget\" data-widget_type=\"heading.default\">\n\t\t\t\t\t<h3 class=\"elementor-heading-title elementor-size-default\">Our approach<\/h3>\t\t\t\t<\/div>\n\t\t\t\t<div class=\"elementor-element elementor-element-0fd1131 elementor-widget__width-initial elementor-widget-mobile__width-initial elementor-widget elementor-widget-text-editor\" data-id=\"0fd1131\" data-element_type=\"widget\" data-e-type=\"widget\" data-widget_type=\"text-editor.default\">\n\t\t\t\t\t\t\t\t\t<p data-start=\"0\" data-end=\"420\">La <strong data-start=\"3\" data-end=\"11\">Molo<\/strong>, suntem dedica\u021bi s\u0103 reducem la minimum impactul nostru asupra mediului, acord\u00e2nd prioritate materialelor \u0219i practicilor responsabile ori de c\u00e2te ori este posibil. Sus\u021binem diversitatea \u00een toate formele sale, asigur\u00e2ndu-ne c\u0103 fiecare copil se simte v\u0103zut \u0219i apreciat \u00een cadrul brandului nostru. Hainele noastre reflect\u0103 diversitatea mediilor \u0219i personalit\u0103\u021bilor \u00eent\u00e2lnite \u00een r\u00e2ndul copiilor din \u00eentreaga lume.<\/p><p data-start=\"422\" data-end=\"672\">Acord\u0103m prioritate durabilit\u0103\u021bii \u0219i calit\u0103\u021bii atunci c\u00e2nd cre\u0103m produse bine realizate \u0219i de lung\u0103 durat\u0103. Astfel, copiii din \u00eentreaga lume pot explora \u0219i se pot exprima cu bucurie \u0219i libertate purt\u00e2nd haine realizate la standarde \u00eenalte de calitate.<\/p><p data-start=\"674\" data-end=\"870\" data-is-last-node=\"\" data-is-only-node=\"\">\u00cen centrul brandului nostru se afl\u0103 dorin\u021ba constant\u0103 de progres. Curio\u0219i \u0219i inovatori, c\u0103ut\u0103m permanent s\u0103 \u00eembun\u0103t\u0103\u021bim \u00een mod responsabil designul, materialele \u0219i metodele noastre de produc\u021bie.<\/p>\t\t\t\t\t\t\t\t<\/div>\n\t\t<div class=\"elementor-element elementor-element-8cdee93 e-con-full elementor-hidden-mobile e-flex e-con e-child\" data-id=\"8cdee93\" data-element_type=\"container\" data-e-type=\"container\">\n\t\t<div class=\"elementor-element elementor-element-55dfcaa e-con-full e-flex e-con e-child\" data-id=\"55dfcaa\" data-element_type=\"container\" data-e-type=\"container\">\n\t\t\t\t<div class=\"elementor-element elementor-element-cf08938 elementor-widget elementor-widget-counter\" data-id=\"cf08938\" data-element_type=\"widget\" data-e-type=\"widget\" data-widget_type=\"counter.default\">\n\t\t\t\t\t\t\t<div class=\"elementor-counter\">\n\t\t\t\t\t\t<div class=\"elementor-counter-number-wrapper\">\n\t\t\t\t<span class=\"elementor-counter-number-prefix\"><\/span>\n\t\t\t\t<span class=\"elementor-counter-number\" data-duration=\"1000\" data-to-value=\"240\" data-from-value=\"0\" data-delimiter=\",\">0<\/span>\n\t\t\t\t<span class=\"elementor-counter-number-suffix\"><\/span>\n\t\t\t<\/div>\n\t\t<\/div>\n\t\t\t\t\t\t<\/div>\n\t\t\t\t<div class=\"elementor-element elementor-element-7b68ebd elementor-widget-divider--view-line elementor-widget elementor-widget-divider\" data-id=\"7b68ebd\" data-element_type=\"widget\" data-e-type=\"widget\" data-widget_type=\"divider.default\">\n\t\t\t\t\t\t\t<div class=\"elementor-divider\">\n\t\t\t<span class=\"elementor-divider-separator\">\n\t\t\t\t\t\t<\/span>\n\t\t<\/div>\n\t\t\t\t\t\t<\/div>\n\t\t\t\t<div class=\"elementor-element elementor-element-4f6aec8 elementor-widget-mobile__width-initial elementor-widget elementor-widget-text-editor\" data-id=\"4f6aec8\" data-element_type=\"widget\" data-e-type=\"widget\" data-widget_type=\"text-editor.default\">\n\t\t\t\t\t\t\t\t\t<p><strong data-start=\"311\" data-end=\"328\">de modele<\/strong> atent alese, pentru toate gusturile \u0219i v\u00e2rstele<\/p>\t\t\t\t\t\t\t\t<\/div>\n\t\t\t\t<\/div>\n\t\t<div class=\"elementor-element elementor-element-82f177c e-con-full e-flex e-con e-child\" data-id=\"82f177c\" data-element_type=\"container\" data-e-type=\"container\">\n\t\t\t\t<div class=\"elementor-element elementor-element-1b18d44 elementor-widget elementor-widget-counter\" data-id=\"1b18d44\" data-element_type=\"widget\" data-e-type=\"widget\" data-widget_type=\"counter.default\">\n\t\t\t\t\t\t\t<div class=\"elementor-counter\">\n\t\t\t\t\t\t<div class=\"elementor-counter-number-wrapper\">\n\t\t\t\t<span class=\"elementor-counter-number-prefix\"><\/span>\n\t\t\t\t<span class=\"elementor-counter-number\" data-duration=\"1000\" data-to-value=\"12000\" data-from-value=\"0\" data-delimiter=\" \">0<\/span>\n\t\t\t\t<span class=\"elementor-counter-number-suffix\"><\/span>\n\t\t\t<\/div>\n\t\t<\/div>\n\t\t\t\t\t\t<\/div>\n\t\t\t\t<div class=\"elementor-element elementor-element-b9ff647 elementor-widget-divider--view-line elementor-widget elementor-widget-divider\" data-id=\"b9ff647\" data-element_type=\"widget\" data-e-type=\"widget\" data-widget_type=\"divider.default\">\n\t\t\t\t\t\t\t<div class=\"elementor-divider\">\n\t\t\t<span class=\"elementor-divider-separator\">\n\t\t\t\t\t\t<\/span>\n\t\t<\/div>\n\t\t\t\t\t\t<\/div>\n\t\t\t\t<div class=\"elementor-element elementor-element-628f435 elementor-widget-mobile__width-initial elementor-widget elementor-widget-text-editor\" data-id=\"628f435\" data-element_type=\"widget\" data-e-type=\"widget\" data-widget_type=\"text-editor.default\">\n\t\t\t\t\t\t\t\t\t<p><strong data-start=\"383\" data-end=\"404\">de produse<\/strong> \u00een stoc, gata s\u0103 aduc\u0103 bucurie \u0219i confort<\/p>\t\t\t\t\t\t\t\t<\/div>\n\t\t\t\t<\/div>\n\t\t<div class=\"elementor-element elementor-element-a69db38 e-con-full e-flex e-con e-child\" data-id=\"a69db38\" data-element_type=\"container\" data-e-type=\"container\">\n\t\t\t\t<div class=\"elementor-element elementor-element-48cce77 elementor-widget elementor-widget-counter\" data-id=\"48cce77\" data-element_type=\"widget\" data-e-type=\"widget\" data-widget_type=\"counter.default\">\n\t\t\t\t\t\t\t<div class=\"elementor-counter\">\n\t\t\t\t\t\t<div class=\"elementor-counter-number-wrapper\">\n\t\t\t\t<span class=\"elementor-counter-number-prefix\"><\/span>\n\t\t\t\t<span class=\"elementor-counter-number\" data-duration=\"1000\" data-to-value=\"98\" data-from-value=\"0\" data-delimiter=\" \">0<\/span>\n\t\t\t\t<span class=\"elementor-counter-number-suffix\">%<\/span>\n\t\t\t<\/div>\n\t\t<\/div>\n\t\t\t\t\t\t<\/div>\n\t\t\t\t<div class=\"elementor-element elementor-element-548cb6c elementor-widget-divider--view-line elementor-widget elementor-widget-divider\" data-id=\"548cb6c\" data-element_type=\"widget\" data-e-type=\"widget\" data-widget_type=\"divider.default\">\n\t\t\t\t\t\t\t<div class=\"elementor-divider\">\n\t\t\t<span class=\"elementor-divider-separator\">\n\t\t\t\t\t\t<\/span>\n\t\t<\/div>\n\t\t\t\t\t\t<\/div>\n\t\t\t\t<div class=\"elementor-element elementor-element-f3dafc3 elementor-widget-mobile__width-initial elementor-widget elementor-widget-text-editor\" data-id=\"f3dafc3\" data-element_type=\"widget\" data-e-type=\"widget\" data-widget_type=\"text-editor.default\">\n\t\t\t\t\t\t\t\t\t<p><strong data-start=\"481\" data-end=\"534\">dintre clien\u021bii no\u0219tri sunt complet mul\u021bumi\u021bi<\/strong> de experien\u021ba lor de cump\u0103rare<\/p>\t\t\t\t\t\t\t\t<\/div>\n\t\t\t\t<\/div>\n\t\t\t\t<\/div>\n\t\t\t\t\t<\/div>\n\t\t\t\t<\/div>\n\t\t<div class=\"elementor-element elementor-element-1ce3d61 e-flex e-con-boxed e-con e-parent\" data-id=\"1ce3d61\" data-element_type=\"container\" data-e-type=\"container\" data-settings=\"{&quot;background_background&quot;:&quot;classic&quot;}\">\n\t\t\t\t\t<div class=\"e-con-inner\">\n\t\t\t\t<div class=\"elementor-element elementor-element-7fbafee elementor-widget__width-initial elementor-widget-mobile__width-inherit elementor-widget elementor-widget-heading\" data-id=\"7fbafee\" data-element_type=\"widget\" data-e-type=\"widget\" data-widget_type=\"heading.default\">\n\t\t\t\t\t<h3 class=\"elementor-heading-title elementor-size-default\">\u00cembr\u0103c\u0103minte \u0219i accesorii adorabile pentru cei mici<\/h3>\t\t\t\t<\/div>\n\t\t\t\t<div class=\"elementor-element elementor-element-daa4d57 elementor-widget__width-initial elementor-widget-mobile__width-inherit elementor-widget elementor-widget-heading\" data-id=\"daa4d57\" data-element_type=\"widget\" data-e-type=\"widget\" data-widget_type=\"heading.default\">\n\t\t\t\t\t<p class=\"elementor-heading-title elementor-size-default\">Calitate, confort \u0219i stil pentru fiecare copil \u2013 descoper\u0103 colec\u021bia noastr\u0103!<\/p>\t\t\t\t<\/div>\n\t\t\t\t<div class=\"elementor-element elementor-element-af271e1 elementor-widget elementor-widget-button\" data-id=\"af271e1\" data-element_type=\"widget\" data-e-type=\"widget\" data-widget_type=\"button.default\">\n\t\t\t\t\t\t\t\t\t\t<a class=\"elementor-button elementor-button-link elementor-size-sm\" href=\"\/shop\/\">\n\t\t\t\t\t\t<span class=\"elementor-button-content-wrapper\">\n\t\t\t\t\t\t<span class=\"elementor-button-icon\">\n\t\t\t\t<svg aria-hidden=\"true\" class=\"e-font-icon-svg e-fas-arrow-right\" viewBox=\"0 0 448 512\" xmlns=\"http:\/\/www.w3.org\/2000\/svg\"><path d=\"M190.5 66.9l22.2-22.2c9.4-9.4 24.6-9.4 33.9 0L441 239c9.4 9.4 9.4 24.6 0 33.9L246.6 467.3c-9.4 9.4-24.6 9.4-33.9 0l-22.2-22.2c-9.5-9.5-9.3-25 .4-34.3L311.4 296H24c-13.3 0-24-10.7-24-24v-32c0-13.3 10.7-24 24-24h287.4L190.9 101.2c-9.8-9.3-10-24.8-.4-34.3z\"><\/path><\/svg>\t\t\t<\/span>\n\t\t\t\t\t\t\t\t\t<span class=\"elementor-button-text\">Mergi la magazin<\/span>\n\t\t\t\t\t<\/span>\n\t\t\t\t\t<\/a>\n\t\t\t\t\t\t\t\t<\/div>\n\t\t<div class=\"elementor-element elementor-element-62509a2 e-con-full e-flex e-con e-child\" data-id=\"62509a2\" data-element_type=\"container\" data-e-type=\"container\">\n\t\t<div class=\"elementor-element elementor-element-7b7a9b6 e-con-full e-flex e-con e-child\" data-id=\"7b7a9b6\" data-element_type=\"container\" data-e-type=\"container\">\n\t\t\t\t<div class=\"elementor-element elementor-element-6c0ffee elementor-widget elementor-widget-image\" data-id=\"6c0ffee\" data-element_type=\"widget\" data-e-type=\"widget\" data-widget_type=\"image.default\">\n\t\t\t\t\t\t\t\t\t\t\t\t\t\t\t<img decoding=\"async\" src=\"https:\/\/mol.wepdevs.com\/wp-content\/uploads\/2025\/08\/carcosmetics-home-icon2.svg\" title=\"\" alt=\"\" loading=\"lazy\" \/>\t\t\t\t\t\t\t\t\t\t\t\t\t\t\t<\/div>\n\t\t\t\t<div class=\"elementor-element elementor-element-7dde12d elementor-widget-divider--view-line elementor-widget elementor-widget-divider\" data-id=\"7dde12d\" data-element_type=\"widget\" data-e-type=\"widget\" data-widget_type=\"divider.default\">\n\t\t\t\t\t\t\t<div class=\"elementor-divider\">\n\t\t\t<span class=\"elementor-divider-separator\">\n\t\t\t\t\t\t<\/span>\n\t\t<\/div>\n\t\t\t\t\t\t<\/div>\n\t\t\t\t<div class=\"elementor-element elementor-element-a3995b6 elementor-widget elementor-widget-heading\" data-id=\"a3995b6\" data-element_type=\"widget\" data-e-type=\"widget\" data-widget_type=\"heading.default\">\n\t\t\t\t\t<p class=\"elementor-heading-title elementor-size-default\">Branduri de \u00eencredere \u0219i produse originale<\/p>\t\t\t\t<\/div>\n\t\t\t\t<\/div>\n\t\t<div class=\"elementor-element elementor-element-cc5ba02 e-con-full e-flex e-con e-child\" data-id=\"cc5ba02\" data-element_type=\"container\" data-e-type=\"container\">\n\t\t\t\t<div class=\"elementor-element elementor-element-e6b6651 elementor-widget elementor-widget-image\" data-id=\"e6b6651\" data-element_type=\"widget\" data-e-type=\"widget\" data-widget_type=\"image.default\">\n\t\t\t\t\t\t\t\t\t\t\t\t\t\t\t<img decoding=\"async\" src=\"https:\/\/mol.wepdevs.com\/wp-content\/uploads\/2025\/08\/carcosmetics-home-icon3.svg\" title=\"\" alt=\"\" loading=\"lazy\" \/>\t\t\t\t\t\t\t\t\t\t\t\t\t\t\t<\/div>\n\t\t\t\t<div class=\"elementor-element elementor-element-faebeda elementor-widget-divider--view-line elementor-widget elementor-widget-divider\" data-id=\"faebeda\" data-element_type=\"widget\" data-e-type=\"widget\" data-widget_type=\"divider.default\">\n\t\t\t\t\t\t\t<div class=\"elementor-divider\">\n\t\t\t<span class=\"elementor-divider-separator\">\n\t\t\t\t\t\t<\/span>\n\t\t<\/div>\n\t\t\t\t\t\t<\/div>\n\t\t\t\t<div class=\"elementor-element elementor-element-e85747e elementor-widget elementor-widget-heading\" data-id=\"e85747e\" data-element_type=\"widget\" data-e-type=\"widget\" data-widget_type=\"heading.default\">\n\t\t\t\t\t<p class=\"elementor-heading-title elementor-size-default\">Livrare expres \u00een mai pu\u021bin de 24 de ore<\/p>\t\t\t\t<\/div>\n\t\t\t\t<\/div>\n\t\t<div class=\"elementor-element elementor-element-382cbc5 e-con-full e-flex e-con e-child\" data-id=\"382cbc5\" data-element_type=\"container\" data-e-type=\"container\">\n\t\t\t\t<div class=\"elementor-element elementor-element-1542f98 elementor-widget elementor-widget-image\" data-id=\"1542f98\" data-element_type=\"widget\" data-e-type=\"widget\" data-widget_type=\"image.default\">\n\t\t\t\t\t\t\t\t\t\t\t\t\t\t\t<img decoding=\"async\" src=\"https:\/\/mol.wepdevs.com\/wp-content\/uploads\/2025\/08\/carcosmetics-home-icon4.svg\" title=\"\" alt=\"\" loading=\"lazy\" \/>\t\t\t\t\t\t\t\t\t\t\t\t\t\t\t<\/div>\n\t\t\t\t<div class=\"elementor-element elementor-element-18dce26 elementor-widget-divider--view-line elementor-widget elementor-widget-divider\" data-id=\"18dce26\" data-element_type=\"widget\" data-e-type=\"widget\" data-widget_type=\"divider.default\">\n\t\t\t\t\t\t\t<div class=\"elementor-divider\">\n\t\t\t<span class=\"elementor-divider-separator\">\n\t\t\t\t\t\t<\/span>\n\t\t<\/div>\n\t\t\t\t\t\t<\/div>\n\t\t\t\t<div class=\"elementor-element elementor-element-3b99906 elementor-widget elementor-widget-heading\" data-id=\"3b99906\" data-element_type=\"widget\" data-e-type=\"widget\" data-widget_type=\"heading.default\">\n\t\t\t\t\t<p class=\"elementor-heading-title elementor-size-default\">Asisten\u021b\u0103 de specialitate \u00een alegerea cosmeticelor<\/p>\t\t\t\t<\/div>\n\t\t\t\t<\/div>\n\t\t<div class=\"elementor-element elementor-element-b695872 e-con-full e-flex e-con e-child\" data-id=\"b695872\" data-element_type=\"container\" data-e-type=\"container\">\n\t\t\t\t<div class=\"elementor-element elementor-element-6f91f3c elementor-widget elementor-widget-image\" data-id=\"6f91f3c\" data-element_type=\"widget\" data-e-type=\"widget\" data-widget_type=\"image.default\">\n\t\t\t\t\t\t\t\t\t\t\t\t\t\t\t<img decoding=\"async\" src=\"https:\/\/mol.wepdevs.com\/wp-content\/uploads\/2025\/08\/carcosmetics-home-icon5.svg\" title=\"\" alt=\"\" loading=\"lazy\" \/>\t\t\t\t\t\t\t\t\t\t\t\t\t\t\t<\/div>\n\t\t\t\t<div class=\"elementor-element elementor-element-6475bd7 elementor-widget-divider--view-line elementor-widget elementor-widget-divider\" data-id=\"6475bd7\" data-element_type=\"widget\" data-e-type=\"widget\" data-widget_type=\"divider.default\">\n\t\t\t\t\t\t\t<div class=\"elementor-divider\">\n\t\t\t<span class=\"elementor-divider-separator\">\n\t\t\t\t\t\t<\/span>\n\t\t<\/div>\n\t\t\t\t\t\t<\/div>\n\t\t\t\t<div class=\"elementor-element elementor-element-7867aee elementor-widget elementor-widget-heading\" data-id=\"7867aee\" data-element_type=\"widget\" data-e-type=\"widget\" data-widget_type=\"heading.default\">\n\t\t\t\t\t<p class=\"elementor-heading-title elementor-size-default\">Pl\u0103\u021bi sigure \u0219i livr\u0103ri rapide<\/p>\t\t\t\t<\/div>\n\t\t\t\t<\/div>\n\t\t<div class=\"elementor-element elementor-element-36550a5 e-con-full e-flex e-con e-child\" data-id=\"36550a5\" data-element_type=\"container\" data-e-type=\"container\">\n\t\t\t\t<div class=\"elementor-element elementor-element-e5b7395 elementor-widget elementor-widget-image\" data-id=\"e5b7395\" data-element_type=\"widget\" data-e-type=\"widget\" data-widget_type=\"image.default\">\n\t\t\t\t\t\t\t\t\t\t\t\t\t\t\t<img decoding=\"async\" src=\"https:\/\/mol.wepdevs.com\/wp-content\/uploads\/2025\/08\/carcosmetics-home-icon6.svg\" title=\"\" alt=\"\" loading=\"lazy\" \/>\t\t\t\t\t\t\t\t\t\t\t\t\t\t\t<\/div>\n\t\t\t\t<div class=\"elementor-element elementor-element-ccdbe23 elementor-widget-divider--view-line elementor-widget elementor-widget-divider\" data-id=\"ccdbe23\" data-element_type=\"widget\" data-e-type=\"widget\" data-widget_type=\"divider.default\">\n\t\t\t\t\t\t\t<div class=\"elementor-divider\">\n\t\t\t<span class=\"elementor-divider-separator\">\n\t\t\t\t\t\t<\/span>\n\t\t<\/div>\n\t\t\t\t\t\t<\/div>\n\t\t\t\t<div class=\"elementor-element elementor-element-7b4e4aa elementor-widget elementor-widget-heading\" data-id=\"7b4e4aa\" data-element_type=\"widget\" data-e-type=\"widget\" data-widget_type=\"heading.default\">\n\t\t\t\t\t<p class=\"elementor-heading-title elementor-size-default\">Sute de clien\u021bi mul\u021bumi\u021bi<\/p>\t\t\t\t<\/div>\n\t\t\t\t<\/div>\n\t\t\t\t<\/div>\n\t\t\t\t\t<\/div>\n\t\t\t\t<\/div>\n\t\t<div class=\"elementor-element elementor-element-bc5c7c4 e-flex e-con-boxed e-con e-parent\" data-id=\"bc5c7c4\" data-element_type=\"container\" data-e-type=\"container\">\n\t\t\t\t\t<div class=\"e-con-inner\">\n\t\t\t\t<div class=\"elementor-element elementor-element-454b3c9 elementor-widget elementor-widget-text-editor\" data-id=\"454b3c9\" data-element_type=\"widget\" data-e-type=\"widget\" data-widget_type=\"text-editor.default\">\n\t\t\t\t\t\t\t\t\t[dezactiveaza_varsta id=&#8221;3584&#8243;]\t\t\t\t\t\t\t\t<\/div>\n\t\t\t\t\t<\/div>\n\t\t\t\t<\/div>\n\t\t\t\t<\/div>\n\t\t","protected":false},"excerpt":{"rendered":"<p>La Molo, prioritiz\u0103m durabilitatea \u0219i calitatea atunci c\u00e2nd cre\u0103m produse bine realizate \u0219i de lung\u0103 durat\u0103, permi\u021b\u00e2nd copiilor din \u00eentreaga lume s\u0103 exploreze \u0219i s\u0103 se<span class=\"excerpt-hellip\"> [\u2026]<\/span><\/p>\n","protected":false},"author":1,"featured_media":0,"parent":0,"menu_order":0,"comment_status":"open","ping_status":"closed","template":"","meta":{"footnotes":""},"class_list":["post-15","page","type-page","status-publish","hentry"],"_links":{"self":[{"href":"https:\/\/shopmolo.md\/ru\/wp-json\/wp\/v2\/pages\/15","targetHints":{"allow":["GET"]}}],"collection":[{"href":"https:\/\/shopmolo.md\/ru\/wp-json\/wp\/v2\/pages"}],"about":[{"href":"https:\/\/shopmolo.md\/ru\/wp-json\/wp\/v2\/types\/page"}],"author":[{"embeddable":true,"href":"https:\/\/shopmolo.md\/ru\/wp-json\/wp\/v2\/users\/1"}],"replies":[{"embeddable":true,"href":"https:\/\/shopmolo.md\/ru\/wp-json\/wp\/v2\/comments?post=15"}],"version-history":[{"count":43,"href":"https:\/\/shopmolo.md\/ru\/wp-json\/wp\/v2\/pages\/15\/revisions"}],"predecessor-version":[{"id":13342,"href":"https:\/\/shopmolo.md\/ru\/wp-json\/wp\/v2\/pages\/15\/revisions\/13342"}],"wp:attachment":[{"href":"https:\/\/shopmolo.md\/ru\/wp-json\/wp\/v2\/media?parent=15"}],"curies":[{"name":"wp","href":"https:\/\/api.w.org\/{rel}","templated":true}]}}