{"id":7,"date":"2025-08-18T08:20:35","date_gmt":"2025-08-18T08:20:35","guid":{"rendered":"https:\/\/mol.wepdevs.com\/?page_id=7"},"modified":"2026-04-03T10:30:33","modified_gmt":"2026-04-03T10:30:33","slug":"refund_returns","status":"publish","type":"page","link":"https:\/\/shopmolo.md\/ru\/refund_returns\/","title":{"rendered":"\u041f\u043e\u043b\u0438\u0442\u0438\u043a\u0430 \u0432\u043e\u0437\u0432\u0440\u0430\u0442\u0430"},"content":{"rendered":"<div data-elementor-type=\"wp-page\" data-elementor-id=\"7\" class=\"elementor elementor-7\">\n\t\t\t\t<div class=\"elementor-element elementor-element-2e317702 e-flex e-con-boxed e-con e-parent\" data-id=\"2e317702\" data-element_type=\"container\" data-e-type=\"container\">\n\t\t\t\t\t<div class=\"e-con-inner\">\n\t\t\t\t<div class=\"elementor-element elementor-element-293d7625 elementor-widget elementor-widget-text-editor\" data-id=\"293d7625\" data-element_type=\"widget\" data-e-type=\"widget\" data-widget_type=\"text-editor.default\">\n\t\t\t\t\t\t\t\t\t<p><strong>\u041f\u043e\u043b\u0438\u0442\u0438\u043a\u0430 \u0432\u043e\u0437\u0432\u0440\u0430\u0442\u0430<\/strong><\/p><p>\u041c\u044b \u0445\u043e\u0442\u0438\u043c, \u0447\u0442\u043e\u0431\u044b \u0432\u044b \u0431\u044b\u043b\u0438 \u043f\u043e\u043b\u043d\u043e\u0441\u0442\u044c\u044e \u0443\u0434\u043e\u0432\u043b\u0435\u0442\u0432\u043e\u0440\u0435\u043d\u044b \u0441\u0432\u043e\u0435\u0439 \u043f\u043e\u043a\u0443\u043f\u043a\u043e\u0439 \u0432 \u043d\u0430\u0448\u0435\u043c \u0438\u043d\u0442\u0435\u0440\u043d\u0435\u0442-\u043c\u0430\u0433\u0430\u0437\u0438\u043d\u0435. \u0415\u0441\u043b\u0438 \u043f\u043e \u043a\u0430\u043a\u043e\u0439-\u043b\u0438\u0431\u043e \u043f\u0440\u0438\u0447\u0438\u043d\u0435 \u0432\u044b \u043d\u0435 \u043f\u043e\u043b\u043d\u043e\u0441\u0442\u044c\u044e \u0443\u0434\u043e\u0432\u043b\u0435\u0442\u0432\u043e\u0440\u0435\u043d\u044b, \u0432\u044b \u043c\u043e\u0436\u0435\u0442\u0435 \u0432\u0435\u0440\u043d\u0443\u0442\u044c \u0442\u043e\u0432\u0430\u0440\u044b \u0432 \u0441\u043e\u043e\u0442\u0432\u0435\u0442\u0441\u0442\u0432\u0438\u0438 \u0441 \u0443\u0441\u043b\u043e\u0432\u0438\u044f\u043c\u0438, \u0443\u043a\u0430\u0437\u0430\u043d\u043d\u044b\u043c\u0438 \u043d\u0438\u0436\u0435.<\/p><ol><li><strong> \u0421\u0440\u043e\u043a \u0432\u043e\u0437\u0432\u0440\u0430\u0442\u0430<\/strong><\/li><\/ol><p>\u0412\u044b \u0438\u043c\u0435\u0435\u0442\u0435 \u043f\u0440\u0430\u0432\u043e \u0432\u0435\u0440\u043d\u0443\u0442\u044c \u0437\u0430\u043a\u0430\u0437\u0430\u043d\u043d\u044b\u0435 \u0442\u043e\u0432\u0430\u0440\u044b \u0432 \u0442\u0435\u0447\u0435\u043d\u0438\u0435\u00a0<strong>14 \u043a\u0430\u043b\u0435\u043d\u0434\u0430\u0440\u043d\u044b\u0445 \u0434\u043d\u0435\u0439<\/strong> de la data primirii coletului. Catre adresa <a href=\"https:\/\/maps.app.goo.gl\/nMEuC14K2pQczFjz9\"> bd.Moscova ,2 Chisinau\u00a0<\/a><\/p><ol start=\"2\"><li><strong> \u0423\u0441\u043b\u043e\u0432\u0438\u044f \u0432\u043e\u0437\u0432\u0440\u0430\u0442\u0430<\/strong><\/li><\/ol><ul><li>\u0422\u043e\u0432\u0430\u0440 \u0434\u043e\u043b\u0436\u0435\u043d \u0431\u044b\u0442\u044c \u0432 \u043d\u043e\u0432\u043e\u043c, \u043d\u0435\u0438\u0441\u043f\u043e\u043b\u044c\u0437\u043e\u0432\u0430\u043d\u043d\u043e\u043c \u0441\u043e\u0441\u0442\u043e\u044f\u043d\u0438\u0438, \u0441\u043e \u0432\u0441\u0435\u043c\u0438 \u044d\u0442\u0438\u043a\u0435\u0442\u043a\u0430\u043c\u0438 \u0438 \u043e\u0440\u0438\u0433\u0438\u043d\u0430\u043b\u044c\u043d\u043e\u0439 \u0443\u043f\u0430\u043a\u043e\u0432\u043a\u043e\u0439 \u0432 \u0446\u0435\u043b\u043e\u0441\u0442\u0438 \u0438 \u0441\u043e\u0445\u0440\u0430\u043d\u043d\u043e\u0441\u0442\u0438.<\/li><li>\u0422\u043e\u0432\u0430\u0440 \u0434\u043e\u043b\u0436\u0435\u043d \u0431\u044b\u0442\u044c \u0432\u043e\u0437\u0432\u0440\u0430\u0449\u0435\u043d \u0432 \u043e\u0440\u0438\u0433\u0438\u043d\u0430\u043b\u044c\u043d\u043e\u0439 \u0443\u043f\u0430\u043a\u043e\u0432\u043a\u0435, \u0431\u0435\u0437 \u0441\u043b\u0435\u0434\u043e\u0432 \u0438\u0437\u043d\u043e\u0441\u0430 \u0438\u043b\u0438 \u043f\u043e\u0432\u0440\u0435\u0436\u0434\u0435\u043d\u0438\u0439.<\/li><li>\u0412\u043e\u0437\u0432\u0440\u0430\u0442 \u043f\u0435\u0440\u0441\u043e\u043d\u0430\u043b\u0438\u0437\u0438\u0440\u043e\u0432\u0430\u043d\u043d\u044b\u0445 \u0442\u043e\u0432\u0430\u0440\u043e\u0432 \u0438\u043b\u0438 \u0442\u043e\u0432\u0430\u0440\u043e\u0432, \u043a\u043e\u0442\u043e\u0440\u044b\u0435 \u043f\u043e \u0441\u0432\u043e\u0435\u0439 \u043f\u0440\u0438\u0440\u043e\u0434\u0435 \u043d\u0435 \u043f\u043e\u0434\u043b\u0435\u0436\u0430\u0442 \u0432\u043e\u0437\u0432\u0440\u0430\u0442\u0443 \u0432 \u0441\u043e\u043e\u0442\u0432\u0435\u0442\u0441\u0442\u0432\u0438\u0438 \u0441 \u0437\u0430\u043a\u043e\u043d\u043e\u043c, \u043d\u0435 \u043f\u0440\u0438\u043d\u0438\u043c\u0430\u0435\u0442\u0441\u044f.<\/li><\/ul><ol start=\"3\"><li><strong> \u041f\u0440\u043e\u0446\u0435\u0434\u0443\u0440\u0430 \u0432\u043e\u0437\u0432\u0440\u0430\u0442\u0430<\/strong><\/li><\/ol><ul><li>\u0414\u043b\u044f \u043e\u0444\u043e\u0440\u043c\u043b\u0435\u043d\u0438\u044f \u0432\u043e\u0437\u0432\u0440\u0430\u0442\u0430, \u043f\u043e\u0436\u0430\u043b\u0443\u0439\u0441\u0442\u0430, \u0441\u0432\u044f\u0436\u0438\u0442\u0435\u0441\u044c \u0441 \u043d\u0430\u043c\u0438 \u043f\u043e \u044d\u043b\u0435\u043a\u0442\u0440\u043e\u043d\u043d\u043e\u0439 \u043f\u043e\u0447\u0442\u0435: <a href=\"mailto:orders@shopmolo.md\">orders@shopmolo.md<\/a> \u0438\u043b\u0438 \u043f\u043e \u0442\u0435\u043b\u0435\u0444\u043e\u043d\u0443 <a href=\"tel:+373 22 446237\">022 446237<\/a> \u0438 \u0441\u043e\u043e\u0431\u0449\u0438\u0442\u0435 \u043d\u0430\u043c \u043f\u0440\u0438\u0447\u0438\u043d\u0443 \u0432\u043e\u0437\u0432\u0440\u0430\u0442\u0430.<\/li><li>\u041c\u044b \u043f\u0440\u0435\u0434\u043e\u0441\u0442\u0430\u0432\u0438\u043c \u0432\u0430\u043c \u0438\u043d\u0441\u0442\u0440\u0443\u043a\u0446\u0438\u0438 \u043f\u043e \u043e\u0442\u043f\u0440\u0430\u0432\u043a\u0435 \u0442\u043e\u0432\u0430\u0440\u0430 \u043e\u0431\u0440\u0430\u0442\u043d\u043e \u043d\u0430\u043c.<\/li><li>\u0420\u0430\u0441\u0445\u043e\u0434\u044b \u043d\u0430 \u0432\u043e\u0437\u0432\u0440\u0430\u0442 \u0442\u043e\u0432\u0430\u0440\u0430 \u043d\u0435\u0441\u0435\u0442 \u043f\u043e\u043a\u0443\u043f\u0430\u0442\u0435\u043b\u044c, \u0437\u0430 \u0438\u0441\u043a\u043b\u044e\u0447\u0435\u043d\u0438\u0435\u043c \u0441\u043b\u0443\u0447\u0430\u0435\u0432, \u043a\u043e\u0433\u0434\u0430 \u0432\u043e\u0437\u0432\u0440\u0430\u0442 \u0432\u044b\u0437\u0432\u0430\u043d \u043e\u0448\u0438\u0431\u043a\u043e\u0439 \u0441 \u043d\u0430\u0448\u0435\u0439 \u0441\u0442\u043e\u0440\u043e\u043d\u044b (\u0431\u0440\u0430\u043a\u043e\u0432\u0430\u043d\u043d\u044b\u0439 \u0442\u043e\u0432\u0430\u0440, \u043d\u0435\u043f\u0440\u0430\u0432\u0438\u043b\u044c\u043d\u044b\u0439 \u0442\u043e\u0432\u0430\u0440).<\/li><\/ul><ol start=\"4\"><li><strong> \u0412\u043e\u0437\u0432\u0440\u0430\u0442 \u0434\u0435\u043d\u0435\u0433<\/strong><\/li><\/ol><ul><li>\u041f\u043e\u0441\u043b\u0435 \u043f\u043e\u043b\u0443\u0447\u0435\u043d\u0438\u044f \u0438 \u043f\u0440\u043e\u0432\u0435\u0440\u043a\u0438 \u0432\u043e\u0437\u0432\u0440\u0430\u0449\u0435\u043d\u043d\u043e\u0433\u043e \u0442\u043e\u0432\u0430\u0440\u0430 \u043c\u044b \u043e\u0431\u0440\u0430\u0431\u043e\u0442\u0430\u0435\u043c \u0432\u043e\u0437\u0432\u0440\u0430\u0442 \u0441\u0440\u0435\u0434\u0441\u0442\u0432 \u0432 \u0442\u0435\u0447\u0435\u043d\u0438\u0435\u00a0<strong>14 \u0440\u0430\u0431\u043e\u0447\u0438\u0445 \u0434\u043d\u0435\u0439<\/strong>.<\/li><li>\u0412\u043e\u0437\u0432\u0440\u0430\u0442 \u0441\u0440\u0435\u0434\u0441\u0442\u0432 \u0431\u0443\u0434\u0435\u0442 \u043f\u0440\u043e\u0438\u0437\u0432\u0435\u0434\u0435\u043d \u0442\u0435\u043c \u0436\u0435 \u0441\u043f\u043e\u0441\u043e\u0431\u043e\u043c, \u043a\u043e\u0442\u043e\u0440\u044b\u043c \u0431\u044b\u043b \u043f\u0440\u043e\u0438\u0437\u0432\u0435\u0434\u0435\u043d \u043f\u0435\u0440\u0432\u043e\u043d\u0430\u0447\u0430\u043b\u044c\u043d\u044b\u0439 \u043f\u043b\u0430\u0442\u0435\u0436.<\/li><li>\u041f\u0435\u0440\u0432\u043e\u043d\u0430\u0447\u0430\u043b\u044c\u043d\u0430\u044f \u0441\u0442\u043e\u0438\u043c\u043e\u0441\u0442\u044c \u0434\u043e\u0441\u0442\u0430\u0432\u043a\u0438 \u043d\u0435 \u0432\u043e\u0437\u0432\u0440\u0430\u0449\u0430\u0435\u0442\u0441\u044f, \u0437\u0430 \u0438\u0441\u043a\u043b\u044e\u0447\u0435\u043d\u0438\u0435\u043c \u0441\u043b\u0443\u0447\u0430\u0435\u0432, \u043a\u043e\u0433\u0434\u0430 \u0432\u043e\u0437\u0432\u0440\u0430\u0442 \u0442\u043e\u0432\u0430\u0440\u0430 \u043f\u0440\u043e\u0438\u0441\u0445\u043e\u0434\u0438\u0442 \u043f\u043e \u0432\u0438\u043d\u0435 \u043c\u0430\u0433\u0430\u0437\u0438\u043d\u0430.<\/li><\/ul><ol start=\"5\"><li><strong> \u0411\u0440\u0430\u043a\u043e\u0432\u0430\u043d\u043d\u044b\u0435 \u0438\u043b\u0438 \u043d\u0435\u043f\u0440\u0430\u0432\u0438\u043b\u044c\u043d\u044b\u0435 \u0442\u043e\u0432\u0430\u0440\u044b<\/strong><\/li><\/ol><ul><li>\u0415\u0441\u043b\u0438 \u0432\u044b \u043f\u043e\u043b\u0443\u0447\u0438\u043b\u0438 \u0431\u0440\u0430\u043a\u043e\u0432\u0430\u043d\u043d\u044b\u0439 \u0442\u043e\u0432\u0430\u0440 \u0438\u043b\u0438 \u0442\u043e\u0432\u0430\u0440, \u043e\u0442\u043b\u0438\u0447\u0430\u044e\u0449\u0438\u0439\u0441\u044f \u043e\u0442 \u0437\u0430\u043a\u0430\u0437\u0430\u043d\u043d\u043e\u0433\u043e, \u043f\u043e\u0436\u0430\u043b\u0443\u0439\u0441\u0442\u0430, \u043d\u0435\u043c\u0435\u0434\u043b\u0435\u043d\u043d\u043e \u0441\u0432\u044f\u0436\u0438\u0442\u0435\u0441\u044c \u0441 \u043d\u0430\u043c\u0438 \u043f\u043e \u0441\u043b\u0435\u0434\u0443\u044e\u0449\u0435\u043c\u0443 \u043d\u043e\u043c\u0435\u0440\u0443 \u0442\u0435\u043b\u0435\u0444\u043e\u043d\u0430: <a href=\"tel:+373 22 446237\">022 446237<\/a> \u0438\u0441\u043f\u0440\u0430\u0432\u0438\u0442\u044c \u0441\u0438\u0442\u0443\u0430\u0446\u0438\u044e \u043f\u0443\u0442\u0435\u043c \u0437\u0430\u043c\u0435\u043d\u044b \u0442\u043e\u0432\u0430\u0440\u0430 \u0438\u043b\u0438 \u043f\u043e\u043b\u043d\u043e\u0433\u043e \u0432\u043e\u0437\u0432\u0440\u0430\u0442\u0430 \u0441\u0440\u0435\u0434\u0441\u0442\u0432, \u0432\u043a\u043b\u044e\u0447\u0430\u044f \u0441\u0442\u043e\u0438\u043c\u043e\u0441\u0442\u044c \u0434\u043e\u0441\u0442\u0430\u0432\u043a\u0438.<\/li><\/ul>\t\t\t\t\t\t\t\t<\/div>\n\t\t\t\t\t<\/div>\n\t\t\t\t<\/div>\n\t\t\t\t<\/div>","protected":false},"excerpt":{"rendered":"<p>Politica de retur Ne dorim s\u0103 fii pe deplin mul\u021bumit de achizi\u021bia f\u0103cut\u0103 din magazinul nostru online. Dac\u0103 din orice motiv nu e\u0219ti complet satisf\u0103cut, po\u021bi<span class=\"excerpt-hellip\"> [\u2026]<\/span><\/p>\n","protected":false},"author":1,"featured_media":0,"parent":0,"menu_order":0,"comment_status":"open","ping_status":"closed","template":"","meta":{"footnotes":""},"class_list":["post-7","page","type-page","status-publish","hentry"],"_links":{"self":[{"href":"https:\/\/shopmolo.md\/ru\/wp-json\/wp\/v2\/pages\/7","targetHints":{"allow":["GET"]}}],"collection":[{"href":"https:\/\/shopmolo.md\/ru\/wp-json\/wp\/v2\/pages"}],"about":[{"href":"https:\/\/shopmolo.md\/ru\/wp-json\/wp\/v2\/types\/page"}],"author":[{"embeddable":true,"href":"https:\/\/shopmolo.md\/ru\/wp-json\/wp\/v2\/users\/1"}],"replies":[{"embeddable":true,"href":"https:\/\/shopmolo.md\/ru\/wp-json\/wp\/v2\/comments?post=7"}],"version-history":[{"count":10,"href":"https:\/\/shopmolo.md\/ru\/wp-json\/wp\/v2\/pages\/7\/revisions"}],"predecessor-version":[{"id":5744,"href":"https:\/\/shopmolo.md\/ru\/wp-json\/wp\/v2\/pages\/7\/revisions\/5744"}],"wp:attachment":[{"href":"https:\/\/shopmolo.md\/ru\/wp-json\/wp\/v2\/media?parent=7"}],"curies":[{"name":"wp","href":"https:\/\/api.w.org\/{rel}","templated":true}]}}