{"id":11057,"date":"2026-04-09T09:22:26","date_gmt":"2026-04-09T09:22:26","guid":{"rendered":"https:\/\/shopmolo.md\/?post_type=product&#038;p=11057"},"modified":"2026-04-17T07:13:35","modified_gmt":"2026-04-17T07:13:35","slug":"cato","status":"publish","type":"product","link":"https:\/\/shopmolo.md\/ru\/product\/cato\/","title":{"rendered":"Cato"},"content":{"rendered":"<p>Rochie alba pe un umar produsa din bumbac organic cu un top mulat si fusta de lungima medie din bumbac poplin ce adauga volum rochiei. De-a lungul decolteului se \u00eentinde un volan lat din poplin, iar broderiile fine \u00een form\u0103 de valuri dau rochiei un aspect juc\u0103u\u0219 \u0219i feminin.<\/p>","protected":false},"excerpt":{"rendered":"<p>Rochie alba pe un umar produsa din bumbac organic cu un top mulat si fusta de lungima medie din bumbac poplin ce adauga volum rochiei. De-a<span class=\"excerpt-hellip\"> [\u2026]<\/span><\/p>\n","protected":false},"featured_media":10576,"comment_status":"open","ping_status":"closed","template":"","meta":[],"product_brand":[],"product_cat":[19,150],"product_tag":[],"class_list":{"0":"post-11057","1":"product","2":"type-product","3":"status-publish","4":"has-post-thumbnail","6":"product_cat-girl","7":"product_cat-rochii","9":"first","10":"outofstock","11":"shipping-taxable","12":"purchasable","13":"product-type-variable"},"_links":{"self":[{"href":"https:\/\/shopmolo.md\/ru\/wp-json\/wp\/v2\/product\/11057","targetHints":{"allow":["GET"]}}],"collection":[{"href":"https:\/\/shopmolo.md\/ru\/wp-json\/wp\/v2\/product"}],"about":[{"href":"https:\/\/shopmolo.md\/ru\/wp-json\/wp\/v2\/types\/product"}],"replies":[{"embeddable":true,"href":"https:\/\/shopmolo.md\/ru\/wp-json\/wp\/v2\/comments?post=11057"}],"version-history":[{"count":3,"href":"https:\/\/shopmolo.md\/ru\/wp-json\/wp\/v2\/product\/11057\/revisions"}],"predecessor-version":[{"id":12270,"href":"https:\/\/shopmolo.md\/ru\/wp-json\/wp\/v2\/product\/11057\/revisions\/12270"}],"wp:featuredmedia":[{"embeddable":true,"href":"https:\/\/shopmolo.md\/ru\/wp-json\/wp\/v2\/media\/10576"}],"wp:attachment":[{"href":"https:\/\/shopmolo.md\/ru\/wp-json\/wp\/v2\/media?parent=11057"}],"wp:term":[{"taxonomy":"product_brand","embeddable":true,"href":"https:\/\/shopmolo.md\/ru\/wp-json\/wp\/v2\/product_brand?post=11057"},{"taxonomy":"product_cat","embeddable":true,"href":"https:\/\/shopmolo.md\/ru\/wp-json\/wp\/v2\/product_cat?post=11057"},{"taxonomy":"product_tag","embeddable":true,"href":"https:\/\/shopmolo.md\/ru\/wp-json\/wp\/v2\/product_tag?post=11057"}],"curies":[{"name":"wp","href":"https:\/\/api.w.org\/{rel}","templated":true}]}}