{"id":11058,"date":"2026-04-09T09:22:26","date_gmt":"2026-04-09T09:22:26","guid":{"rendered":"https:\/\/shopmolo.md\/?post_type=product&#038;p=11058"},"modified":"2026-04-17T07:13:35","modified_gmt":"2026-04-17T07:13:35","slug":"caysi","status":"publish","type":"product","link":"https:\/\/shopmolo.md\/ru\/product\/caysi\/","title":{"rendered":"Caysi"},"content":{"rendered":"<p>Rochie roz din poplin moale, din bumbac organic, cu o fund\u0103 elegant\u0103 \u00een fa\u021b\u0103. Topul are bretele \u00eenguste \u0219i fusta cade de sub bust p\u00e2n\u0103 la genunchi, are mult volum \u0219i un fermoar invizibil pe lateral, care face rochia u\u0219or de \u00eembr\u0103cat \u0219i de dat jos.<\/p>","protected":false},"excerpt":{"rendered":"<p>Rochie roz din poplin moale, din bumbac organic, cu o fund\u0103 elegant\u0103 \u00een fa\u021b\u0103. Topul are bretele \u00eenguste \u0219i fusta cade de sub bust p\u00e2n\u0103 la<span class=\"excerpt-hellip\"> [\u2026]<\/span><\/p>\n","protected":false},"featured_media":10709,"comment_status":"open","ping_status":"closed","template":"","meta":[],"product_brand":[],"product_cat":[19,150],"product_tag":[],"class_list":{"0":"post-11058","1":"product","2":"type-product","3":"status-publish","4":"has-post-thumbnail","6":"product_cat-girl","7":"product_cat-rochii","9":"first","10":"outofstock","11":"shipping-taxable","12":"purchasable","13":"product-type-variable"},"_links":{"self":[{"href":"https:\/\/shopmolo.md\/ru\/wp-json\/wp\/v2\/product\/11058","targetHints":{"allow":["GET"]}}],"collection":[{"href":"https:\/\/shopmolo.md\/ru\/wp-json\/wp\/v2\/product"}],"about":[{"href":"https:\/\/shopmolo.md\/ru\/wp-json\/wp\/v2\/types\/product"}],"replies":[{"embeddable":true,"href":"https:\/\/shopmolo.md\/ru\/wp-json\/wp\/v2\/comments?post=11058"}],"version-history":[{"count":3,"href":"https:\/\/shopmolo.md\/ru\/wp-json\/wp\/v2\/product\/11058\/revisions"}],"predecessor-version":[{"id":12288,"href":"https:\/\/shopmolo.md\/ru\/wp-json\/wp\/v2\/product\/11058\/revisions\/12288"}],"wp:featuredmedia":[{"embeddable":true,"href":"https:\/\/shopmolo.md\/ru\/wp-json\/wp\/v2\/media\/10709"}],"wp:attachment":[{"href":"https:\/\/shopmolo.md\/ru\/wp-json\/wp\/v2\/media?parent=11058"}],"wp:term":[{"taxonomy":"product_brand","embeddable":true,"href":"https:\/\/shopmolo.md\/ru\/wp-json\/wp\/v2\/product_brand?post=11058"},{"taxonomy":"product_cat","embeddable":true,"href":"https:\/\/shopmolo.md\/ru\/wp-json\/wp\/v2\/product_cat?post=11058"},{"taxonomy":"product_tag","embeddable":true,"href":"https:\/\/shopmolo.md\/ru\/wp-json\/wp\/v2\/product_tag?post=11058"}],"curies":[{"name":"wp","href":"https:\/\/api.w.org\/{rel}","templated":true}]}}